{"id":328,"date":"2023-12-18T20:41:29","date_gmt":"2023-12-18T18:41:29","guid":{"rendered":"https:\/\/eccom2.barn.ee\/materialid\/"},"modified":"2025-02-08T15:55:02","modified_gmt":"2025-02-08T13:55:02","slug":"material","status":"publish","type":"page","link":"https:\/\/eccom.ee\/sv\/material\/","title":{"rendered":"Material"},"content":{"rendered":"\n<div class=\"wp-block-columns is-layout-flex wp-container-core-columns-is-layout-9d6595d7 wp-block-columns-is-layout-flex\">\n<div class=\"wp-block-column is-layout-flow wp-block-column-is-layout-flow\">\n<h2 class=\"wp-block-heading\">Plaster<\/h2>\n\n\n\n<ul class=\"wp-block-list\">\n<li>ABS<\/li>\n\n\n\n<li>ABS+PMMA<\/li>\n\n\n\n<li>HIPS<\/li>\n\n\n\n<li>PA<\/li>\n\n\n\n<li>PC<\/li>\n\n\n\n<li>PE<\/li>\n\n\n\n<li>PEEK<\/li>\n\n\n\n<li>PMMA<\/li>\n\n\n\n<li>POM (C, ESD, ELS)<\/li>\n\n\n\n<li>PP<\/li>\n\n\n\n<li>PPO\/PEO<\/li>\n\n\n\n<li>PTFE<\/li>\n\n\n\n<li>PVC&nbsp;<\/li>\n<\/ul>\n<\/div>\n\n\n\n<div class=\"wp-block-column is-layout-flow wp-block-column-is-layout-flow\">\n<h2 class=\"wp-block-heading\">Kompositmaterial<\/h2>\n\n\n\n<ul class=\"wp-block-list\">\n<li>Aluminium composite<\/li>\n\n\n\n<li>FR4\/FR5<\/li>\n\n\n\n<li>Getinax<\/li>\n\n\n\n<li>GPO<\/li>\n\n\n\n<li>GRP<\/li>\n\n\n\n<li>EP11<\/li>\n\n\n\n<li>GRP med plastskum<\/li>\n<\/ul>\n\n\n\n<h2 class=\"wp-block-heading\">Aluminium<\/h2>\n\n\n\n<ul class=\"wp-block-list\">\n<li>EN AW-5754 (Som standardmaterial)<\/li>\n\n\n\n<li>Aluminiumlegeringar i EN AW-6000-serien<\/li>\n<\/ul>\n<\/div>\n\n\n\n<div class=\"wp-block-column is-layout-flow wp-block-column-is-layout-flow\">\n<h2 class=\"wp-block-heading\">Skummaterial<\/h2>\n\n\n\n<ul class=\"wp-block-list\">\n<li>Alveobloc<\/li>\n\n\n\n<li>EPS<\/li>\n\n\n\n<li>Sikaflex\u00ae<\/li>\n\n\n\n<li>PIR<\/li>\n<\/ul>\n\n\n\n<h2 class=\"wp-block-heading\">Tr\u00e4<\/h2>\n\n\n\n<ul class=\"wp-block-list\">\n<li>Kryssfaner<\/li>\n\n\n\n<li>Faner<\/li>\n\n\n\n<li>\u00c4deltr\u00e4<\/li>\n<\/ul>\n\n\n\n<h2 class=\"wp-block-heading\">Andra material p\u00e5 beg\u00e4ran<\/h2>\n<\/div>\n<\/div>\n","protected":false},"excerpt":{"rendered":"<p>Plaster Kompositmaterial Aluminium Skummaterial Tr\u00e4 Andra material p\u00e5 beg\u00e4ran<\/p>\n","protected":false},"author":1,"featured_media":1036,"parent":0,"menu_order":71,"comment_status":"closed","ping_status":"closed","template":"","meta":{"_acf_changed":false,"_seopress_robots_primary_cat":"","_seopress_titles_title":"","_seopress_titles_desc":"","_seopress_robots_index":"","footnotes":""},"categories":[],"tags":[],"class_list":["post-328","page","type-page","status-publish","has-post-thumbnail","hentry"],"acf":[],"_links":{"self":[{"href":"https:\/\/eccom.ee\/sv\/wp-json\/wp\/v2\/pages\/328","targetHints":{"allow":["GET"]}}],"collection":[{"href":"https:\/\/eccom.ee\/sv\/wp-json\/wp\/v2\/pages"}],"about":[{"href":"https:\/\/eccom.ee\/sv\/wp-json\/wp\/v2\/types\/page"}],"author":[{"embeddable":true,"href":"https:\/\/eccom.ee\/sv\/wp-json\/wp\/v2\/users\/1"}],"replies":[{"embeddable":true,"href":"https:\/\/eccom.ee\/sv\/wp-json\/wp\/v2\/comments?post=328"}],"version-history":[{"count":13,"href":"https:\/\/eccom.ee\/sv\/wp-json\/wp\/v2\/pages\/328\/revisions"}],"predecessor-version":[{"id":2100,"href":"https:\/\/eccom.ee\/sv\/wp-json\/wp\/v2\/pages\/328\/revisions\/2100"}],"wp:featuredmedia":[{"embeddable":true,"href":"https:\/\/eccom.ee\/sv\/wp-json\/wp\/v2\/media\/1036"}],"wp:attachment":[{"href":"https:\/\/eccom.ee\/sv\/wp-json\/wp\/v2\/media?parent=328"}],"wp:term":[{"taxonomy":"category","embeddable":true,"href":"https:\/\/eccom.ee\/sv\/wp-json\/wp\/v2\/categories?post=328"},{"taxonomy":"post_tag","embeddable":true,"href":"https:\/\/eccom.ee\/sv\/wp-json\/wp\/v2\/tags?post=328"}],"curies":[{"name":"wp","href":"https:\/\/api.w.org\/{rel}","templated":true}]}}