{"id":324,"date":"2023-12-18T20:42:28","date_gmt":"2023-12-18T18:42:28","guid":{"rendered":"https:\/\/eccom2.barn.ee\/laserloikus-ja-lasergraveerimine\/"},"modified":"2025-03-18T16:29:22","modified_gmt":"2025-03-18T14:29:22","slug":"laserskarning-och-gravering","status":"publish","type":"page","link":"https:\/\/eccom.ee\/sv\/laserskarning-och-gravering\/","title":{"rendered":"Lasersk\u00e4rning och gravering"},"content":{"rendered":"\n<h3 class=\"wp-block-heading\"><strong>Din partner f\u00f6r laserklippning och skr\u00e4ddarsydda l\u00f6sningar<\/strong><\/h3>\n\n\n\n<p>Vi \u00e4r experter inom lasersk\u00e4rning och graveringstj\u00e4nster och st\u00f6djer dig aktivt vid val av optimala material f\u00f6r att exakt f\u00f6rverkliga dina tekniska visioner. Oavsett om du beh\u00f6ver funktionella sk\u00e4rningar eller skr\u00e4ddarsydda komponenter, \u00e4r vi din partner f\u00f6r att omvandla dina id\u00e9er till verklighet. Kontakta oss f\u00f6r att ta n\u00e4sta steg i din tekniska utveckling.<\/p>\n\n\n\n<figure class=\"wp-block-gallery has-nested-images columns-default is-cropped wp-block-gallery-1 is-layout-flex wp-block-gallery-is-layout-flex\">\n<figure class=\"wp-block-image size-full\"><a href=\"https:\/\/eccom.ee\/wp-content\/uploads\/2025\/02\/lasergraveering.jpg\"><img alt=\"\" loading=\"lazy\" decoding=\"async\" width=\"860\" height=\"832\" data-id=\"2371\" src=\"https:\/\/eccom.ee\/wp-content\/uploads\/2025\/02\/lasergraveering.jpg\" alt=\"\" class=\"wp-image-2371\" srcset=\"https:\/\/eccom.ee\/wp-content\/uploads\/2025\/02\/lasergraveering.jpg 860w, https:\/\/eccom.ee\/wp-content\/uploads\/2025\/02\/lasergraveering-640x619.jpg 640w, https:\/\/eccom.ee\/wp-content\/uploads\/2025\/02\/lasergraveering-768x743.jpg 768w\" sizes=\"auto, (max-width: 860px) 100vw, 860px\" \/><\/a><\/figure>\n\n\n\n<figure class=\"wp-block-image size-full\"><a href=\"https:\/\/eccom.ee\/wp-content\/uploads\/2025\/02\/THI.jpg\"><img alt=\"\" loading=\"lazy\" decoding=\"async\" width=\"600\" height=\"332\" data-id=\"2366\" src=\"https:\/\/eccom.ee\/wp-content\/uploads\/2025\/02\/THI.jpg\" alt=\"\" class=\"wp-image-2366\"\/><\/a><\/figure>\n\n\n\n<figure class=\"wp-block-image size-full\"><a href=\"https:\/\/eccom.ee\/wp-content\/uploads\/2025\/02\/IMGP7762-01.jpg\"><img alt=\"\" loading=\"lazy\" decoding=\"async\" width=\"400\" height=\"267\" data-id=\"2361\" src=\"https:\/\/eccom.ee\/wp-content\/uploads\/2025\/02\/IMGP7762-01.jpg\" alt=\"\" class=\"wp-image-2361\"\/><\/a><\/figure>\n\n\n\n<figure class=\"wp-block-image size-full\"><a href=\"https:\/\/eccom.ee\/wp-content\/uploads\/2023\/12\/keyboard.jpg\"><img alt=\"\" loading=\"lazy\" decoding=\"async\" width=\"1200\" height=\"700\" data-id=\"643\" src=\"https:\/\/eccom.ee\/wp-content\/uploads\/2023\/12\/keyboard.jpg\" alt=\"\" class=\"wp-image-643\" srcset=\"https:\/\/eccom.ee\/wp-content\/uploads\/2023\/12\/keyboard.jpg 1200w, https:\/\/eccom.ee\/wp-content\/uploads\/2023\/12\/keyboard-640x373.jpg 640w, https:\/\/eccom.ee\/wp-content\/uploads\/2023\/12\/keyboard-768x448.jpg 768w\" sizes=\"auto, (max-width: 1200px) 100vw, 1200px\" \/><\/a><\/figure>\n\n\n\n<figure class=\"wp-block-image size-large\"><a href=\"https:\/\/eccom.ee\/wp-content\/uploads\/2025\/02\/acrylic-laser-bend.jpg\"><img alt=\"\" loading=\"lazy\" decoding=\"async\" width=\"1280\" height=\"965\" data-id=\"2329\" src=\"https:\/\/eccom.ee\/wp-content\/uploads\/2025\/02\/acrylic-laser-bend-1280x965.jpg\" alt=\"\" class=\"wp-image-2329\" srcset=\"https:\/\/eccom.ee\/wp-content\/uploads\/2025\/02\/acrylic-laser-bend-1280x965.jpg 1280w, https:\/\/eccom.ee\/wp-content\/uploads\/2025\/02\/acrylic-laser-bend-640x482.jpg 640w, https:\/\/eccom.ee\/wp-content\/uploads\/2025\/02\/acrylic-laser-bend-768x579.jpg 768w, https:\/\/eccom.ee\/wp-content\/uploads\/2025\/02\/acrylic-laser-bend.jpg 1323w\" sizes=\"auto, (max-width: 1280px) 100vw, 1280px\" \/><\/a><\/figure>\n\n\n\n<figure class=\"wp-block-image size-large\"><a href=\"https:\/\/eccom.ee\/wp-content\/uploads\/2025\/02\/info_holders_laser-bend.jpg\"><img alt=\"\" loading=\"lazy\" decoding=\"async\" width=\"500\" height=\"418\" data-id=\"2324\" src=\"https:\/\/eccom.ee\/wp-content\/uploads\/2025\/02\/info_holders_laser-bend.jpg\" alt=\"\" class=\"wp-image-2324\"\/><\/a><\/figure>\n<\/figure>\n","protected":false},"excerpt":{"rendered":"<p>Din partner f\u00f6r laserklippning och skr\u00e4ddarsydda l\u00f6sningar Vi \u00e4r experter inom lasersk\u00e4rning och graveringstj\u00e4nster och st\u00f6djer dig aktivt vid val av optimala material f\u00f6r att exakt f\u00f6rverkliga dina tekniska visioner&#8230;.<\/p>\n","protected":false},"author":1,"featured_media":2695,"parent":0,"menu_order":64,"comment_status":"closed","ping_status":"closed","template":"","meta":{"_acf_changed":false,"_seopress_robots_primary_cat":"","_seopress_titles_title":"","_seopress_titles_desc":"","_seopress_robots_index":"","footnotes":""},"categories":[28],"tags":[],"class_list":["post-324","page","type-page","status-publish","has-post-thumbnail","hentry","category-service-sv"],"acf":[],"_links":{"self":[{"href":"https:\/\/eccom.ee\/sv\/wp-json\/wp\/v2\/pages\/324","targetHints":{"allow":["GET"]}}],"collection":[{"href":"https:\/\/eccom.ee\/sv\/wp-json\/wp\/v2\/pages"}],"about":[{"href":"https:\/\/eccom.ee\/sv\/wp-json\/wp\/v2\/types\/page"}],"author":[{"embeddable":true,"href":"https:\/\/eccom.ee\/sv\/wp-json\/wp\/v2\/users\/1"}],"replies":[{"embeddable":true,"href":"https:\/\/eccom.ee\/sv\/wp-json\/wp\/v2\/comments?post=324"}],"version-history":[{"count":19,"href":"https:\/\/eccom.ee\/sv\/wp-json\/wp\/v2\/pages\/324\/revisions"}],"predecessor-version":[{"id":2967,"href":"https:\/\/eccom.ee\/sv\/wp-json\/wp\/v2\/pages\/324\/revisions\/2967"}],"wp:featuredmedia":[{"embeddable":true,"href":"https:\/\/eccom.ee\/sv\/wp-json\/wp\/v2\/media\/2695"}],"wp:attachment":[{"href":"https:\/\/eccom.ee\/sv\/wp-json\/wp\/v2\/media?parent=324"}],"wp:term":[{"taxonomy":"category","embeddable":true,"href":"https:\/\/eccom.ee\/sv\/wp-json\/wp\/v2\/categories?post=324"},{"taxonomy":"post_tag","embeddable":true,"href":"https:\/\/eccom.ee\/sv\/wp-json\/wp\/v2\/tags?post=324"}],"curies":[{"name":"wp","href":"https:\/\/api.w.org\/{rel}","templated":true}]}}