{"id":20,"date":"2023-12-18T20:43:00","date_gmt":"2023-12-18T20:43:00","guid":{"rendered":"https:\/\/eccom2.barn.ee\/?page_id=20"},"modified":"2025-10-08T21:18:27","modified_gmt":"2025-10-08T18:18:27","slug":"3d-skaneerimine-ja-modelleerimine","status":"publish","type":"page","link":"https:\/\/eccom.ee\/et\/3d-skaneerimine-ja-modelleerimine\/","title":{"rendered":"3D skaneerimine ja modelleerimine"},"content":{"rendered":"\n<h3 class=\"wp-block-heading\">Kasutame oma t\u00f6\u00f6s 3D skaneerimist igap\u00e4evaselt ja pakume ka teenust. Erinevate t\u00f6\u00f6de jaoks kasutame erinevaid skannereid. <\/h3>\n\n\n\n<p>Kui ka Teil on vaja f\u00fc\u00fcsilisest objektist digitaalset mudelit, aitame hea meelega. Vajadusel loome ka CAD mudelid (skannerist saame STL mudeli, CAD mudeli loomine on s\u00f5ltuvalt detailist pigem k\u00e4sit\u00f6\u00f6).<\/p>\n\n\n\n<p>K\u00f5ige v\u00e4iksemate detailide jaoks on meil t\u00e4isuatomaatne mitmeteljeline 3D skanner, mille eksimus on kuni 5 mikronit max. 200mm suuruste detailide juures. <\/p>\n\n\n\n<p>Oleme kasutanud&nbsp;3D skaneerimist v\u00e4ga erineva keerukusega projektides, n\u00e4iteks purunenud detailide taastamisel (mitmesugused juhtpuldid, hoovad, korpuste osad), 3D prinditud detailide kvaliteedikontrolliks, ka kanuu rotovaluvormi modifitseerimisel, ajaloolise lipuvarda otsa paljundamisel kui ka s\u00f5idukite ja nende osade skaneerimisel.   &nbsp;<\/p>\n\n\n\n<div class=\"wp-block-columns is-layout-flex wp-container-core-columns-is-layout-9d6595d7 wp-block-columns-is-layout-flex\">\n<div class=\"wp-block-column is-layout-flow wp-block-column-is-layout-flow\" style=\"flex-basis:33.33%\">\n<p><strong>Lisateabe saamiseks v\u00f5tke meiega \u00fchendust.<\/strong><\/p>\n\n\n\n<p><strong><br><\/strong><\/p>\n<\/div>\n\n\n\n<div class=\"wp-block-column is-layout-flow wp-block-column-is-layout-flow\" style=\"flex-basis:66.66%\">\n<figure class=\"wp-block-gallery has-nested-images columns-3 is-cropped wp-block-gallery-1 is-layout-flex wp-block-gallery-is-layout-flex\">\n<figure class=\"wp-block-image size-thumbnail\"><a href=\"https:\/\/eccom.ee\/wp-content\/uploads\/2025\/10\/Scan1-scaled.jpg\"><img alt=\"\" loading=\"lazy\" decoding=\"async\" width=\"320\" height=\"320\" data-id=\"3281\" src=\"https:\/\/eccom.ee\/wp-content\/uploads\/2025\/10\/Scan1-320x320.jpg\" alt=\"\" class=\"wp-image-3281\"\/><\/a><\/figure>\n\n\n\n<figure class=\"wp-block-image size-thumbnail\"><a href=\"https:\/\/eccom.ee\/wp-content\/uploads\/2025\/02\/3D-skan1.jpg\"><img alt=\"\" loading=\"lazy\" decoding=\"async\" width=\"320\" height=\"320\" data-id=\"2384\" src=\"https:\/\/eccom.ee\/wp-content\/uploads\/2025\/02\/3D-skan1-320x320.jpg\" alt=\"\" class=\"wp-image-2384\"\/><\/a><\/figure>\n\n\n\n<figure class=\"wp-block-image size-thumbnail\"><a href=\"https:\/\/eccom.ee\/wp-content\/uploads\/2025\/10\/3DScan.jpg\"><img alt=\"\" loading=\"lazy\" decoding=\"async\" width=\"320\" height=\"320\" data-id=\"3273\" src=\"https:\/\/eccom.ee\/wp-content\/uploads\/2025\/10\/3DScan-320x320.jpg\" alt=\"\" class=\"wp-image-3273\"\/><\/a><\/figure>\n\n\n\n<figure class=\"wp-block-image size-thumbnail\"><a href=\"https:\/\/eccom.ee\/wp-content\/uploads\/2023\/12\/P2152111-scaled.jpg\"><img alt=\"\" loading=\"lazy\" decoding=\"async\" width=\"320\" height=\"320\" data-id=\"684\" src=\"https:\/\/eccom.ee\/wp-content\/uploads\/2023\/12\/P2152111-320x320.jpg\" alt=\"\" class=\"wp-image-684\"\/><\/a><\/figure>\n\n\n\n<figure class=\"wp-block-image size-thumbnail\"><a href=\"https:\/\/eccom.ee\/wp-content\/uploads\/2023\/12\/P1202056-scaled.jpg\"><img alt=\"\" loading=\"lazy\" decoding=\"async\" width=\"320\" height=\"320\" data-id=\"689\" src=\"https:\/\/eccom.ee\/wp-content\/uploads\/2023\/12\/P1202056-320x320.jpg\" alt=\"\" class=\"wp-image-689\"\/><\/a><\/figure>\n\n\n\n<figure class=\"wp-block-image size-thumbnail\"><a href=\"https:\/\/eccom.ee\/wp-content\/uploads\/2025\/02\/3D-skan.jpg\"><img alt=\"\" loading=\"lazy\" decoding=\"async\" width=\"320\" height=\"320\" data-id=\"2389\" src=\"https:\/\/eccom.ee\/wp-content\/uploads\/2025\/02\/3D-skan-320x320.jpg\" alt=\"\" class=\"wp-image-2389\"\/><\/a><\/figure>\n<\/figure>\n<\/div>\n<\/div>\n","protected":false},"excerpt":{"rendered":"<p>Kasutame oma t\u00f6\u00f6s 3D skaneerimist igap\u00e4evaselt ja pakume ka teenust. Erinevate t\u00f6\u00f6de jaoks kasutame erinevaid skannereid. Kui ka Teil on vaja f\u00fc\u00fcsilisest objektist digitaalset mudelit, aitame hea meelega. Vajadusel loome&#8230;<\/p>\n","protected":false},"author":1,"featured_media":3273,"parent":0,"menu_order":23,"comment_status":"closed","ping_status":"closed","template":"","meta":{"_acf_changed":false,"_seopress_robots_primary_cat":"","_seopress_titles_title":"","_seopress_titles_desc":"","_seopress_robots_index":"","footnotes":""},"categories":[3],"tags":[],"class_list":["post-20","page","type-page","status-publish","has-post-thumbnail","hentry","category-service"],"acf":[],"_links":{"self":[{"href":"https:\/\/eccom.ee\/et\/wp-json\/wp\/v2\/pages\/20","targetHints":{"allow":["GET"]}}],"collection":[{"href":"https:\/\/eccom.ee\/et\/wp-json\/wp\/v2\/pages"}],"about":[{"href":"https:\/\/eccom.ee\/et\/wp-json\/wp\/v2\/types\/page"}],"author":[{"embeddable":true,"href":"https:\/\/eccom.ee\/et\/wp-json\/wp\/v2\/users\/1"}],"replies":[{"embeddable":true,"href":"https:\/\/eccom.ee\/et\/wp-json\/wp\/v2\/comments?post=20"}],"version-history":[{"count":25,"href":"https:\/\/eccom.ee\/et\/wp-json\/wp\/v2\/pages\/20\/revisions"}],"predecessor-version":[{"id":3389,"href":"https:\/\/eccom.ee\/et\/wp-json\/wp\/v2\/pages\/20\/revisions\/3389"}],"wp:featuredmedia":[{"embeddable":true,"href":"https:\/\/eccom.ee\/et\/wp-json\/wp\/v2\/media\/3273"}],"wp:attachment":[{"href":"https:\/\/eccom.ee\/et\/wp-json\/wp\/v2\/media?parent=20"}],"wp:term":[{"taxonomy":"category","embeddable":true,"href":"https:\/\/eccom.ee\/et\/wp-json\/wp\/v2\/categories?post=20"},{"taxonomy":"post_tag","embeddable":true,"href":"https:\/\/eccom.ee\/et\/wp-json\/wp\/v2\/tags?post=20"}],"curies":[{"name":"wp","href":"https:\/\/api.w.org\/{rel}","templated":true}]}}