{"id":3324,"date":"2025-09-14T00:00:00","date_gmt":"2025-09-13T21:00:00","guid":{"rendered":"https:\/\/eccom.ee\/3d-print\/"},"modified":"2025-10-02T10:58:37","modified_gmt":"2025-10-02T07:58:37","slug":"3d-druck","status":"publish","type":"page","link":"https:\/\/eccom.ee\/de\/3d-druck\/","title":{"rendered":"3D-Druck"},"content":{"rendered":"\n<div class=\"wp-block-columns is-layout-flex wp-container-core-columns-is-layout-9d6595d7 wp-block-columns-is-layout-flex\">\n<div class=\"wp-block-column is-layout-flow wp-block-column-is-layout-flow\">\n<h2 class=\"wp-block-heading\"><strong>ECCOM hat bedeutende Investitionen get\u00e4tigt, um neben der mechanischen Kunststoffverarbeitung einen hochwertigen Pulverdruckservice hier in Estland, in der N\u00e4he von Tartu, anzubieten.<\/strong><\/h2>\n\n\n\n<p>Die lokale Produktion erm\u00f6glicht es uns, Kunden eine h\u00f6here Liefersicherheit und einen flexibleren Ansatz in Bezug auf Mengen und Lieferzeiten zu bieten.<\/p>\n<\/div>\n\n\n\n<div class=\"wp-block-column is-layout-flow wp-block-column-is-layout-flow\">\n<p>Wir produzieren mit der MJF-Methode (Multi-Jet Fusion), mit HPs pr\u00e4zisestem Geometrie- und bester Wiederholbarkeits-Druckermodell, dem HP 5600. Der Vorteil von HP und MJF im Vergleich zu SLS ist Pr\u00e4zision, bessere Wetterbest\u00e4ndigkeit und gr\u00f6\u00dfere Festigkeit der Teile. Das k\u00fcrzlich auf dem europ\u00e4ischen Markt eingef\u00fchrte Material PA12S (Arkema) erm\u00f6glicht auch h\u00f6chste Oberfl\u00e4chenqualit\u00e4t (ohne chemisches Polieren!).<\/p>\n<\/div>\n\n\n\n<div class=\"wp-block-column is-layout-flow wp-block-column-is-layout-flow\">\n<p>Wir veredeln gedruckte Teile zu Endprodukten mit Dyemansion-Ger\u00e4ten. Die Produktion ist immer konsistent, Farben sind zertifiziert; die Farbauswahl umfasst sowohl Milit\u00e4rt\u00f6ne als auch neu Schwarz mit langlebigem UV-Schutz.<\/p>\n\n\n\n<p>F\u00fcr die Qualit\u00e4tskontrolle und auch Reverse Engineering verf\u00fcgen wir \u00fcber einen vollautomatischen 5-Achs-Laserscanner, der bei Teilen bis 200 mm eine Fehlertoleranz von bis zu 5 Mikron und eine Wiederholbarkeit von 2 Mikron erm\u00f6glicht.<\/p>\n<\/div>\n<\/div>\n\n\n\n<div style=\"height:60px\" aria-hidden=\"true\" class=\"wp-block-spacer\"><\/div>\n\n\n\n<div class=\"wp-block-columns is-layout-flex wp-container-core-columns-is-layout-9d6595d7 wp-block-columns-is-layout-flex\">\n<div class=\"wp-block-column is-layout-flow wp-block-column-is-layout-flow\"><div class=\"wp-block-image\">\n<figure class=\"aligncenter size-full is-resized\"><img alt=\"\" loading=\"lazy\" decoding=\"async\" width=\"800\" height=\"800\" src=\"https:\/\/eccom.ee\/wp-content\/uploads\/2025\/09\/HPDevice.jpg\" alt=\"\" class=\"wp-image-3199\" style=\"width:290px\" srcset=\"https:\/\/eccom.ee\/wp-content\/uploads\/2025\/09\/HPDevice.jpg 800w, https:\/\/eccom.ee\/wp-content\/uploads\/2025\/09\/HPDevice-640x640.jpg 640w, https:\/\/eccom.ee\/wp-content\/uploads\/2025\/09\/HPDevice-320x320.jpg 320w, https:\/\/eccom.ee\/wp-content\/uploads\/2025\/09\/HPDevice-768x768.jpg 768w\" sizes=\"auto, (max-width: 800px) 100vw, 800px\" \/><\/figure>\n<\/div>\n\n\n<p class=\"has-text-align-center\"><strong>Drucktechnologie<\/strong><\/p>\n\n\n\n<p class=\"has-text-align-center\">MJF (HP 5600, Baukammer 380x284x380mm)<\/p>\n<\/div>\n\n\n\n<div class=\"wp-block-column is-layout-flow wp-block-column-is-layout-flow\"><div class=\"wp-block-image is-style-default\">\n<figure class=\"aligncenter size-full is-resized\"><img alt=\"\" loading=\"lazy\" decoding=\"async\" width=\"800\" height=\"800\" src=\"https:\/\/eccom.ee\/wp-content\/uploads\/2025\/09\/HP_transparent.jpg\" alt=\"\" class=\"wp-image-3210\" style=\"width:290px\" srcset=\"https:\/\/eccom.ee\/wp-content\/uploads\/2025\/09\/HP_transparent.jpg 800w, https:\/\/eccom.ee\/wp-content\/uploads\/2025\/09\/HP_transparent-640x640.jpg 640w, https:\/\/eccom.ee\/wp-content\/uploads\/2025\/09\/HP_transparent-320x320.jpg 320w, https:\/\/eccom.ee\/wp-content\/uploads\/2025\/09\/HP_transparent-768x768.jpg 768w\" sizes=\"auto, (max-width: 800px) 100vw, 800px\" \/><\/figure>\n<\/div>\n\n\n<p class=\"has-text-align-center\"><strong>Farbe<\/strong><\/p>\n\n\n\n<p class=\"has-text-align-center\">Hellgrau<\/p>\n<\/div>\n<\/div>\n\n\n\n<div style=\"height:100px\" aria-hidden=\"true\" class=\"wp-block-spacer\"><\/div>\n\n\n\n<figure class=\"wp-block-table\"><table class=\"has-fixed-layout\"><thead><tr><th>Material<\/th><th>Schichtdicke<\/th><th>Zugfestigkeit<\/th><th>Bruchdehnung<\/th><th>Elastizit\u00e4tsmodul<\/th><th>Druckgenauigkeit<\/th><th>Temperaturbest\u00e4ndigkeit<\/th><\/tr><\/thead><tbody><tr><td>PA12 S Arkema (HP 3D HR PA 12 S)<\/td><td>80 Mikron<\/td><td>0,98 (g\/cm\u00b3)<\/td><td>43 MPa (Z), 45 MPa (XY)<\/td><td>5% (Z), 12% (XY)<\/td><td>1700 MPa (Z, XY)<\/td><td>\u00b10,25 mm<\/td><\/tr><\/tbody><\/table><\/figure>\n\n\n\n<p class=\"has-text-align-center has-small-font-size\">PA12 S Arkema ergab laut unseren Tests eine durchschnittliche Oberfl\u00e4chenrauheit nach dem Entgraten und F\u00e4rben von Ra (\u03bcm) 5,0 &#8211; 5,9.<br>SLS, SAF und MJF PA12 ergaben eine durchschnittliche Oberfl\u00e4chenrauheit von Ra (\u03bcm) 9,6 &#8211; 9,9.<\/p>\n\n\n\n<div style=\"height:100px\" aria-hidden=\"true\" class=\"wp-block-spacer\"><\/div>\n\n\n\n<figure class=\"wp-block-gallery has-nested-images columns-3 is-cropped wp-block-gallery-1 is-layout-flex wp-block-gallery-is-layout-flex\">\n<figure class=\"wp-block-image size-medium\"><a href=\"https:\/\/eccom.ee\/wp-content\/uploads\/2025\/09\/IMG_3476-scaled.jpeg\"><img alt=\"\" loading=\"lazy\" decoding=\"async\" width=\"640\" height=\"480\" data-id=\"3216\" src=\"https:\/\/eccom.ee\/wp-content\/uploads\/2025\/09\/IMG_3476-640x480.jpeg\" alt=\"\" class=\"wp-image-3216\" srcset=\"https:\/\/eccom.ee\/wp-content\/uploads\/2025\/09\/IMG_3476-640x480.jpeg 640w, https:\/\/eccom.ee\/wp-content\/uploads\/2025\/09\/IMG_3476-1000x750.jpeg 1000w, https:\/\/eccom.ee\/wp-content\/uploads\/2025\/09\/IMG_3476-768x576.jpeg 768w, https:\/\/eccom.ee\/wp-content\/uploads\/2025\/09\/IMG_3476-1536x1152.jpeg 1536w, https:\/\/eccom.ee\/wp-content\/uploads\/2025\/09\/IMG_3476-2048x1536.jpeg 2048w\" sizes=\"auto, (max-width: 640px) 100vw, 640px\" \/><\/a><\/figure>\n\n\n\n<figure class=\"wp-block-image size-medium\"><a href=\"https:\/\/eccom.ee\/wp-content\/uploads\/2025\/09\/IMG_3478-scaled.jpeg\"><img alt=\"\" loading=\"lazy\" decoding=\"async\" width=\"640\" height=\"480\" data-id=\"3221\" src=\"https:\/\/eccom.ee\/wp-content\/uploads\/2025\/09\/IMG_3478-640x480.jpeg\" alt=\"\" class=\"wp-image-3221\" srcset=\"https:\/\/eccom.ee\/wp-content\/uploads\/2025\/09\/IMG_3478-640x480.jpeg 640w, https:\/\/eccom.ee\/wp-content\/uploads\/2025\/09\/IMG_3478-1000x750.jpeg 1000w, https:\/\/eccom.ee\/wp-content\/uploads\/2025\/09\/IMG_3478-768x576.jpeg 768w, https:\/\/eccom.ee\/wp-content\/uploads\/2025\/09\/IMG_3478-1536x1152.jpeg 1536w, https:\/\/eccom.ee\/wp-content\/uploads\/2025\/09\/IMG_3478-2048x1536.jpeg 2048w\" sizes=\"auto, (max-width: 640px) 100vw, 640px\" \/><\/a><\/figure>\n\n\n\n<figure class=\"wp-block-image size-medium\"><a href=\"https:\/\/eccom.ee\/wp-content\/uploads\/2025\/09\/IMG_3481-scaled.jpeg\"><img alt=\"\" loading=\"lazy\" decoding=\"async\" width=\"640\" height=\"480\" data-id=\"3226\" src=\"https:\/\/eccom.ee\/wp-content\/uploads\/2025\/09\/IMG_3481-640x480.jpeg\" alt=\"\" class=\"wp-image-3226\" srcset=\"https:\/\/eccom.ee\/wp-content\/uploads\/2025\/09\/IMG_3481-640x480.jpeg 640w, https:\/\/eccom.ee\/wp-content\/uploads\/2025\/09\/IMG_3481-1000x750.jpeg 1000w, https:\/\/eccom.ee\/wp-content\/uploads\/2025\/09\/IMG_3481-768x576.jpeg 768w, https:\/\/eccom.ee\/wp-content\/uploads\/2025\/09\/IMG_3481-1536x1152.jpeg 1536w, https:\/\/eccom.ee\/wp-content\/uploads\/2025\/09\/IMG_3481-2048x1536.jpeg 2048w\" sizes=\"auto, (max-width: 640px) 100vw, 640px\" \/><\/a><\/figure>\n\n\n\n<figure class=\"wp-block-image size-medium\"><a href=\"https:\/\/eccom.ee\/wp-content\/uploads\/2025\/09\/IMG_3485-scaled.jpeg\"><img alt=\"\" loading=\"lazy\" decoding=\"async\" width=\"640\" height=\"480\" data-id=\"3241\" src=\"https:\/\/eccom.ee\/wp-content\/uploads\/2025\/09\/IMG_3485-640x480.jpeg\" alt=\"\" class=\"wp-image-3241\" srcset=\"https:\/\/eccom.ee\/wp-content\/uploads\/2025\/09\/IMG_3485-640x480.jpeg 640w, https:\/\/eccom.ee\/wp-content\/uploads\/2025\/09\/IMG_3485-1000x750.jpeg 1000w, https:\/\/eccom.ee\/wp-content\/uploads\/2025\/09\/IMG_3485-768x576.jpeg 768w, https:\/\/eccom.ee\/wp-content\/uploads\/2025\/09\/IMG_3485-1536x1152.jpeg 1536w, https:\/\/eccom.ee\/wp-content\/uploads\/2025\/09\/IMG_3485-2048x1536.jpeg 2048w\" sizes=\"auto, (max-width: 640px) 100vw, 640px\" \/><\/a><\/figure>\n\n\n\n<figure class=\"wp-block-image size-medium\"><a href=\"https:\/\/eccom.ee\/wp-content\/uploads\/2025\/09\/IMG_3482-scaled.jpeg\"><img alt=\"\" loading=\"lazy\" decoding=\"async\" width=\"640\" height=\"480\" data-id=\"3231\" src=\"https:\/\/eccom.ee\/wp-content\/uploads\/2025\/09\/IMG_3482-640x480.jpeg\" alt=\"\" class=\"wp-image-3231\" srcset=\"https:\/\/eccom.ee\/wp-content\/uploads\/2025\/09\/IMG_3482-640x480.jpeg 640w, https:\/\/eccom.ee\/wp-content\/uploads\/2025\/09\/IMG_3482-1000x750.jpeg 1000w, https:\/\/eccom.ee\/wp-content\/uploads\/2025\/09\/IMG_3482-768x576.jpeg 768w, https:\/\/eccom.ee\/wp-content\/uploads\/2025\/09\/IMG_3482-1536x1152.jpeg 1536w, https:\/\/eccom.ee\/wp-content\/uploads\/2025\/09\/IMG_3482-2048x1536.jpeg 2048w\" sizes=\"auto, (max-width: 640px) 100vw, 640px\" \/><\/a><\/figure>\n\n\n\n<figure class=\"wp-block-image size-medium\"><a href=\"https:\/\/eccom.ee\/wp-content\/uploads\/2025\/09\/IMG_3486-scaled.jpeg\"><img alt=\"\" loading=\"lazy\" decoding=\"async\" width=\"640\" height=\"480\" data-id=\"3246\" src=\"https:\/\/eccom.ee\/wp-content\/uploads\/2025\/09\/IMG_3486-640x480.jpeg\" alt=\"\" class=\"wp-image-3246\" srcset=\"https:\/\/eccom.ee\/wp-content\/uploads\/2025\/09\/IMG_3486-640x480.jpeg 640w, https:\/\/eccom.ee\/wp-content\/uploads\/2025\/09\/IMG_3486-1000x750.jpeg 1000w, https:\/\/eccom.ee\/wp-content\/uploads\/2025\/09\/IMG_3486-768x576.jpeg 768w, https:\/\/eccom.ee\/wp-content\/uploads\/2025\/09\/IMG_3486-1536x1152.jpeg 1536w, https:\/\/eccom.ee\/wp-content\/uploads\/2025\/09\/IMG_3486-2048x1536.jpeg 2048w\" sizes=\"auto, (max-width: 640px) 100vw, 640px\" \/><\/a><\/figure>\n<\/figure>\n\n\n\n<div style=\"height:100px\" aria-hidden=\"true\" class=\"wp-block-spacer\"><\/div>\n\n\n\n<div class=\"wp-block-columns is-layout-flex wp-container-core-columns-is-layout-9d6595d7 wp-block-columns-is-layout-flex\">\n<div class=\"wp-block-column is-vertically-aligned-center is-layout-flow wp-block-column-is-layout-flow\">\n<h2 class=\"wp-block-heading\"><strong>Qualit\u00e4tskontrolle und 3D-Scannen<\/strong><\/h2>\n\n\n\n<p>F\u00fcr die Qualit\u00e4tskontrolle verwenden wir 3D-Scanner. F\u00fcr gro\u00dfe Teile einen Handscanner und f\u00fcr kleine Teile einen vollautomatischen 5-Achs-3D-Scanner mit einer Genauigkeit von bis zu 5 Mikron und einer Wiederholbarkeit von 2 Mikron. Bei Bedarf unterst\u00fctzen wir mit denselben Ger\u00e4ten beim Reverse Engineering oder Scannen.<\/p>\n\n\n\n<p>Die Ger\u00e4te sind extrem schnell und verf\u00fcgen \u00fcber hervorragende Supportsoftware \u2013 es ist einfach, das tats\u00e4chliche Druck- oder Fr\u00e4sergebnis mit dem Eingabe-3D-Modell zu vergleichen.<\/p>\n<\/div>\n\n\n\n<div class=\"wp-block-column is-layout-flow wp-block-column-is-layout-flow\"><div class=\"wp-block-image\">\n<figure class=\"aligncenter size-large is-resized\"><img alt=\"\" loading=\"lazy\" decoding=\"async\" width=\"1000\" height=\"979\" src=\"https:\/\/eccom.ee\/wp-content\/uploads\/2025\/10\/Scan-transparent-1000x979.png\" alt=\"\" class=\"wp-image-3303\" style=\"width:239px;height:auto\" srcset=\"https:\/\/eccom.ee\/wp-content\/uploads\/2025\/10\/Scan-transparent-1000x979.png 1000w, https:\/\/eccom.ee\/wp-content\/uploads\/2025\/10\/Scan-transparent-640x627.png 640w, https:\/\/eccom.ee\/wp-content\/uploads\/2025\/10\/Scan-transparent-768x752.png 768w, https:\/\/eccom.ee\/wp-content\/uploads\/2025\/10\/Scan-transparent-1536x1504.png 1536w, https:\/\/eccom.ee\/wp-content\/uploads\/2025\/10\/Scan-transparent-2048x2006.png 2048w\" sizes=\"auto, (max-width: 1000px) 100vw, 1000px\" \/><\/figure>\n<\/div><\/div>\n<\/div>\n\n\n\n<div style=\"height:30px\" aria-hidden=\"true\" class=\"wp-block-spacer\"><\/div>\n\n\n\n<div class=\"wp-block-columns is-layout-flex wp-container-core-columns-is-layout-9d6595d7 wp-block-columns-is-layout-flex\">\n<div class=\"wp-block-column is-layout-flow wp-block-column-is-layout-flow\"><div class=\"wp-block-image\">\n<figure class=\"aligncenter size-large is-resized\"><img alt=\"\" loading=\"lazy\" decoding=\"async\" width=\"1000\" height=\"1000\" src=\"https:\/\/eccom.ee\/wp-content\/uploads\/2025\/09\/color-1000x1000.jpg\" alt=\"\" class=\"wp-image-3154\" style=\"width:310px;height:auto\" srcset=\"https:\/\/eccom.ee\/wp-content\/uploads\/2025\/09\/color-1000x1000.jpg 1000w, https:\/\/eccom.ee\/wp-content\/uploads\/2025\/09\/color-640x640.jpg 640w, https:\/\/eccom.ee\/wp-content\/uploads\/2025\/09\/color-320x320.jpg 320w, https:\/\/eccom.ee\/wp-content\/uploads\/2025\/09\/color-768x768.jpg 768w, https:\/\/eccom.ee\/wp-content\/uploads\/2025\/09\/color.jpg 1018w\" sizes=\"auto, (max-width: 1000px) 100vw, 1000px\" \/><\/figure>\n<\/div><\/div>\n\n\n\n<div class=\"wp-block-column is-vertically-aligned-center is-layout-flow wp-block-column-is-layout-flow\">\n<h2 class=\"wp-block-heading\"><strong>Veredelung, Eins\u00e4tze, mechanische Nachbearbeitung<\/strong><\/h2>\n\n\n\n<p>ECCOM ist seit 20 Jahren in der Sonderfertigung t\u00e4tig. Unser Maschinenpark umfasst \u00fcber 10 CNC-Fr\u00e4smaschinen, 10 verschiedene Laserger\u00e4te sowie Gewinde-, Biege- und Veredelungsm\u00f6glichkeiten.<\/p>\n\n\n\n<p>Es ist f\u00fcr uns sehr einfach, gedruckte Teile oder deren Komponenten bei Bedarf mechanisch nachzubearbeiten \u2013 Bohren, Fr\u00e4sen, Gewindeschneiden oder Hinzuf\u00fcgen von Gewindeeins\u00e4tzen. Die automatisierte Veredelung erfolgt mit Dyemansion-Ger\u00e4ten und basiert auf der Dyemansion MJF-Farbkarte.<\/p>\n<\/div>\n<\/div>\n\n\n\n<p><\/p>\n","protected":false},"excerpt":{"rendered":"<p>ECCOM hat bedeutende Investitionen get\u00e4tigt, um neben der mechanischen Kunststoffverarbeitung einen hochwertigen Pulverdruckservice hier in Estland, in der N\u00e4he von Tartu, anzubieten. Die lokale Produktion erm\u00f6glicht es uns, Kunden eine&#8230;<\/p>\n","protected":false},"author":1,"featured_media":3320,"parent":0,"menu_order":7,"comment_status":"closed","ping_status":"closed","template":"","meta":{"_acf_changed":false,"_seopress_robots_primary_cat":"","_seopress_titles_title":"","_seopress_titles_desc":"","_seopress_robots_index":"","footnotes":""},"categories":[27],"tags":[],"class_list":["post-3324","page","type-page","status-publish","has-post-thumbnail","hentry","category-service-de"],"acf":[],"_links":{"self":[{"href":"https:\/\/eccom.ee\/de\/wp-json\/wp\/v2\/pages\/3324","targetHints":{"allow":["GET"]}}],"collection":[{"href":"https:\/\/eccom.ee\/de\/wp-json\/wp\/v2\/pages"}],"about":[{"href":"https:\/\/eccom.ee\/de\/wp-json\/wp\/v2\/types\/page"}],"author":[{"embeddable":true,"href":"https:\/\/eccom.ee\/de\/wp-json\/wp\/v2\/users\/1"}],"replies":[{"embeddable":true,"href":"https:\/\/eccom.ee\/de\/wp-json\/wp\/v2\/comments?post=3324"}],"version-history":[{"count":1,"href":"https:\/\/eccom.ee\/de\/wp-json\/wp\/v2\/pages\/3324\/revisions"}],"predecessor-version":[{"id":3331,"href":"https:\/\/eccom.ee\/de\/wp-json\/wp\/v2\/pages\/3324\/revisions\/3331"}],"wp:featuredmedia":[{"embeddable":true,"href":"https:\/\/eccom.ee\/de\/wp-json\/wp\/v2\/media\/3320"}],"wp:attachment":[{"href":"https:\/\/eccom.ee\/de\/wp-json\/wp\/v2\/media?parent=3324"}],"wp:term":[{"taxonomy":"category","embeddable":true,"href":"https:\/\/eccom.ee\/de\/wp-json\/wp\/v2\/categories?post=3324"},{"taxonomy":"post_tag","embeddable":true,"href":"https:\/\/eccom.ee\/de\/wp-json\/wp\/v2\/tags?post=3324"}],"curies":[{"name":"wp","href":"https:\/\/api.w.org\/{rel}","templated":true}]}}