{"id":319,"date":"2023-12-18T20:41:36","date_gmt":"2023-12-18T18:41:36","guid":{"rendered":"https:\/\/eccom2.barn.ee\/kontakt\/"},"modified":"2026-03-13T12:57:08","modified_gmt":"2026-03-13T10:57:08","slug":"kontakte","status":"publish","type":"page","link":"https:\/\/eccom.ee\/de\/kontakte\/","title":{"rendered":"Kontakte"},"content":{"rendered":"\n<div class=\"wp-block-columns is-layout-flex wp-container-core-columns-is-layout-9d6595d7 wp-block-columns-is-layout-flex\">\n<div class=\"wp-block-column is-layout-flow wp-block-column-is-layout-flow\">\n<h2 class=\"wp-block-heading\">ECCOM<\/h2>\n\n\n\n<p>Rehe tee 3,  <br>61709 Tartu maakond<\/p>\n\n\n\n<p><a href=\"mailto:info@eccom.ee\">info@eccom.ee<\/a><br><\/p>\n<\/div>\n\n\n\n<div class=\"wp-block-column is-layout-flow wp-block-column-is-layout-flow\">\n<h2 class=\"wp-block-heading\">Martin Terav<\/h2>\n\n\n\n<p><strong>Gesch\u00e4ftsf\u00fchrer<\/strong>, verk\u00e4ufe<\/p>\n\n\n\n<p><a href=\"mailto:martin@eccom.ee\">martin@eccom.ee<\/a><br>+372 507 8307<\/p>\n<\/div>\n\n\n\n<div class=\"wp-block-column is-layout-flow wp-block-column-is-layout-flow\">\n<h2 class=\"wp-block-heading\"><strong>Arlen Pall<\/strong><\/h2>\n\n\n\n<p><strong>Vertriebsingenieur<\/strong><\/p>\n\n\n\n<p><a href=\"mailto:arlen@eccom.ee\">arlen@eccom.ee<br><\/a>+372 5823 4001<\/p>\n<\/div>\n\n\n\n<div class=\"wp-block-column is-layout-flow wp-block-column-is-layout-flow\">\n<h2 class=\"wp-block-heading\">Virge Terav<\/h2>\n\n\n\n<p><strong>Produktionsleiter<\/strong><\/p>\n\n\n\n<p><a href=\"mailto:virge@eccom.ee\">virge@eccom.ee<\/a><br>+372 5650 3066<\/p>\n<\/div>\n<\/div>\n\n\n\n<div style=\"height:100px\" aria-hidden=\"true\" class=\"wp-block-spacer\"><\/div>\n\n\n\n<h2 class=\"wp-block-heading\">Wir unterst\u00fctzen<\/h2>\n\n\n\n<div class=\"wp-block-columns is-layout-flex wp-container-core-columns-is-layout-9d6595d7 wp-block-columns-is-layout-flex\">\n<div class=\"wp-block-column is-vertically-aligned-center is-layout-flow wp-block-column-is-layout-flow\" style=\"flex-basis:100%\">\n<figure class=\"wp-block-gallery has-nested-images columns-5 is-cropped logos-smaller wp-block-gallery-1 is-layout-flex wp-block-gallery-is-layout-flex\">\n<figure class=\"wp-block-image size-medium\"><a href=\"https:\/\/solaride.ee\/en\" target=\"_blank\" rel=\"noreferrer noopener\"><img alt=\"\" decoding=\"async\" data-id=\"1587\" src=\"https:\/\/eccom.ee\/wp-content\/uploads\/2024\/01\/solaride.svg\" alt=\"\" class=\"wp-image-1587\"\/><\/a><\/figure>\n\n\n\n<figure class=\"wp-block-image size-medium\"><a href=\"https:\/\/suusaakadeemia.ee\/\" target=\"_blank\" rel=\"noreferrer noopener\"><img alt=\"\" loading=\"lazy\" decoding=\"async\" width=\"289\" height=\"100\" data-id=\"1582\" src=\"https:\/\/eccom.ee\/wp-content\/uploads\/2024\/01\/suusaakadeemia.png\" alt=\"\" class=\"wp-image-1582\"\/><\/a><\/figure>\n\n\n\n<figure class=\"wp-block-image size-medium\"><a href=\"https:\/\/www.lastefond.ee\/?lang=en\" target=\"_blank\" rel=\"noreferrer noopener\"><img alt=\"\" loading=\"lazy\" decoding=\"async\" width=\"400\" height=\"146\" data-id=\"1592\" src=\"https:\/\/eccom.ee\/wp-content\/uploads\/2024\/01\/lastefond.png\" alt=\"\" class=\"wp-image-1592\"\/><\/a><\/figure>\n\n\n\n<figure class=\"wp-block-image size-full\"><a href=\"https:\/\/www.formulastudent.ee\/\" target=\"_blank\" rel=\"noreferrer noopener\"><img alt=\"\" decoding=\"async\" data-id=\"1598\" src=\"https:\/\/eccom.ee\/wp-content\/uploads\/2024\/01\/formulastudent-1.svg\" alt=\"\" class=\"wp-image-1598\"\/><\/a><\/figure>\n<\/figure>\n<\/div>\n<\/div>\n","protected":false},"excerpt":{"rendered":"<p>ECCOM Rehe tee 3, 61709 Tartu maakond info@eccom.ee Martin Terav Gesch\u00e4ftsf\u00fchrer, verk\u00e4ufe martin@eccom.ee+372 507 8307 Arlen Pall Vertriebsingenieur arlen@eccom.ee+372 5823 4001 Virge Terav Produktionsleiter virge@eccom.ee+372 5650 3066 Wir unterst\u00fctzen<\/p>\n","protected":false},"author":1,"featured_media":0,"parent":0,"menu_order":60,"comment_status":"closed","ping_status":"closed","template":"","meta":{"_acf_changed":false,"_seopress_robots_primary_cat":"","_seopress_titles_title":"","_seopress_titles_desc":"","_seopress_robots_index":"","footnotes":""},"categories":[],"tags":[],"class_list":["post-319","page","type-page","status-publish","hentry"],"acf":[],"_links":{"self":[{"href":"https:\/\/eccom.ee\/de\/wp-json\/wp\/v2\/pages\/319","targetHints":{"allow":["GET"]}}],"collection":[{"href":"https:\/\/eccom.ee\/de\/wp-json\/wp\/v2\/pages"}],"about":[{"href":"https:\/\/eccom.ee\/de\/wp-json\/wp\/v2\/types\/page"}],"author":[{"embeddable":true,"href":"https:\/\/eccom.ee\/de\/wp-json\/wp\/v2\/users\/1"}],"replies":[{"embeddable":true,"href":"https:\/\/eccom.ee\/de\/wp-json\/wp\/v2\/comments?post=319"}],"version-history":[{"count":17,"href":"https:\/\/eccom.ee\/de\/wp-json\/wp\/v2\/pages\/319\/revisions"}],"predecessor-version":[{"id":3401,"href":"https:\/\/eccom.ee\/de\/wp-json\/wp\/v2\/pages\/319\/revisions\/3401"}],"wp:attachment":[{"href":"https:\/\/eccom.ee\/de\/wp-json\/wp\/v2\/media?parent=319"}],"wp:term":[{"taxonomy":"category","embeddable":true,"href":"https:\/\/eccom.ee\/de\/wp-json\/wp\/v2\/categories?post=319"},{"taxonomy":"post_tag","embeddable":true,"href":"https:\/\/eccom.ee\/de\/wp-json\/wp\/v2\/tags?post=319"}],"curies":[{"name":"wp","href":"https:\/\/api.w.org\/{rel}","templated":true}]}}